{"id":4220,"date":"2015-11-23T13:28:57","date_gmt":"2015-11-23T12:28:57","guid":{"rendered":"http:\/\/www.goldenageproduction.com\/en\/shop\/versandarten\/"},"modified":"2015-12-11T15:19:50","modified_gmt":"2015-12-11T14:19:50","slug":"versandarten","status":"publish","type":"page","link":"https:\/\/www.goldenageproduction.com\/en\/shop\/versandarten\/","title":{"rendered":"Shipping"},"content":{"rendered":"<p><b>STANDARD PAKET INTERNATIONAL<\/b><\/p>\n<p>Angaben: Gewicht\u00a0Tarifzone\u00a01 2 3 4 5<\/p>\n<p><b>Preis je Sendung in EUR<\/b><br \/>bis 1 kg <b>13,09 14,39 15,84 17,89 19,94<\/b><br \/>bis 2 kg <b>14,09 16,39 18,94 22,04 26,14<\/b><br \/>bis 4 kg <b>15,09 20,39 25,09 30,24 40,54<\/b><br \/>bis 10 kg <b>19,09 29,39 40,54 50,84 81,74<\/b><br \/>bis 20 kg <b>29,06 49,39 71,44 102,34 143,54<\/b><br \/>bis 31,5 kg <b>39,16 69,39 102,34 153,84 205,34<\/b><\/p>\n<p>Tarifzone 1: angrenzende EU-L\u00e4nder sowie Monaco<br \/>Tarifzone 2: \u00fcbriges Europa und au\u00dfereurop\u00e4ische Mittelmeerl\u00e4nder (\u00c4gypten, Algerien, Israel,<br \/>Libanon, Libyen, Marokko, Syrien, Tunesien)<br \/>Tarifzone 3: Westasien, Afrika (n\u00f6rdlicher Teil) ohne Mittelmeerl\u00e4nder, Kanada, Marshall-Inseln,<br \/>Mikronesien sowie die Vereinigten Staaten von Amerika mit den zu diesen geh\u00f6renden Gebieten <br \/>Tarifzone 4: Afrika (s\u00fcdlicher Teil), \u00fcbriges Amerika, S\u00fcd- und Ostasien<br \/>Tarifzone 5: Australien, Neuseeland und Ozeanien<br \/><b><\/b><\/p>\n<p><b>N\u00e4here Informationen zu den Zonen finden Sie auf www.post.at\/zonen.<\/b><\/p>\n","protected":false},"excerpt":{"rendered":"<p>STANDARD PAKET INTERNATIONAL Angaben: Gewicht\u00a0Tarifzone\u00a01 2 3 4 5 Preis je Sendung in EURbis 1 kg 13,09 14,39 15,84 17,89 19,94bis 2 kg 14,09 16,39 18,94 22,04 26,14bis 4 kg 15,09 20,39 25,09 30,24 40,54bis 10 kg 19,09 29,39 40,54 50,84 81,74bis 20 kg 29,06 49,39 71,44 102,34 143,54bis 31,5 kg 39,16 69,39 102,34 153,84&#8230;<\/p>\n","protected":false},"author":2,"featured_media":0,"parent":4080,"menu_order":0,"comment_status":"closed","ping_status":"closed","template":"","meta":{"_bbp_topic_count":0,"_bbp_reply_count":0,"_bbp_total_topic_count":0,"_bbp_total_reply_count":0,"_bbp_voice_count":0,"_bbp_anonymous_reply_count":0,"_bbp_topic_count_hidden":0,"_bbp_reply_count_hidden":0,"_bbp_forum_subforum_count":0,"footnotes":""},"class_list":["post-4220","page","type-page","status-publish","hentry"],"_links":{"self":[{"href":"https:\/\/www.goldenageproduction.com\/en\/wp-json\/wp\/v2\/pages\/4220","targetHints":{"allow":["GET"]}}],"collection":[{"href":"https:\/\/www.goldenageproduction.com\/en\/wp-json\/wp\/v2\/pages"}],"about":[{"href":"https:\/\/www.goldenageproduction.com\/en\/wp-json\/wp\/v2\/types\/page"}],"author":[{"embeddable":true,"href":"https:\/\/www.goldenageproduction.com\/en\/wp-json\/wp\/v2\/users\/2"}],"replies":[{"embeddable":true,"href":"https:\/\/www.goldenageproduction.com\/en\/wp-json\/wp\/v2\/comments?post=4220"}],"version-history":[{"count":1,"href":"https:\/\/www.goldenageproduction.com\/en\/wp-json\/wp\/v2\/pages\/4220\/revisions"}],"predecessor-version":[{"id":4221,"href":"https:\/\/www.goldenageproduction.com\/en\/wp-json\/wp\/v2\/pages\/4220\/revisions\/4221"}],"up":[{"embeddable":true,"href":"https:\/\/www.goldenageproduction.com\/en\/wp-json\/wp\/v2\/pages\/4080"}],"wp:attachment":[{"href":"https:\/\/www.goldenageproduction.com\/en\/wp-json\/wp\/v2\/media?parent=4220"}],"curies":[{"name":"wp","href":"https:\/\/api.w.org\/{rel}","templated":true}]}}