{"id":4088,"date":"2015-12-10T10:45:18","date_gmt":"2015-12-10T09:45:18","guid":{"rendered":"http:\/\/www.goldenageproduction.com\/?page_id=4088&#038;lang=en"},"modified":"2015-12-10T10:45:18","modified_gmt":"2015-12-10T09:45:18","slug":"agb","status":"publish","type":"page","link":"https:\/\/www.goldenageproduction.com\/en\/kontakt\/agb\/","title":{"rendered":"AGB"},"content":{"rendered":"<p><span style=\"font-size: 14pt;\"><strong>Allgemeine Gesch\u00e4ftsbedingungen<\/strong><\/span><br \/><span style=\"font-size: 14pt;\"><strong>des Onlineshops<\/strong><\/span><\/p>\n<ol>\n<li><strong>Allgemeines<\/strong><\/li>\n<\/ol>\n<p style=\"padding-left: 30px;\">Alle Leistungen, die vom Onlineshop f\u00fcr den Kunden erbracht werden, erfolgen ausschlie\u00dflich auf der Grundlage der nachfolgenden Allgemeinen Gesch\u00e4ftsbedingungen. Abweichende Regelungen haben nur dann Geltung, wenn sie zwischen Onlineshop und Kunde schriftlich vereinbart wurden.<\/p>\n<ol start=\"2\">\n<li><strong>Vertragsschluss<\/strong><\/li>\n<\/ol>\n<p style=\"padding-left: 30px;\">Zum Vertragsschluss mit dem Onlineshop sind nur Personen berechtigt, die das 18. Lebensjahr vollendet haben und zum Zeitpunkt des Vertragsschlusses in ihrer Gesch\u00e4ftsf\u00e4higkeit nicht beschr\u00e4nkt sind.<\/p>\n<p style=\"padding-left: 30px;\">Die Angebote des Onlineshops im Internet sind eine unverbindliche Offerte an den Kunden, im Onlineshop Waren zu bestellen.<\/p>\n<p style=\"padding-left: 30px;\">Durch die Bestellung von Waren des Onlineshops im Internet gibt der Kunde konkludent ein verbindliches Anbot auf Abschluss eines Kaufvertrages ab.<\/p>\n<p style=\"padding-left: 30px;\">Der Onlineshop ist berechtigt, dieses Angebot innerhalb von 5 Kalendertagen durch Zusendung einer Auftragsbest\u00e4tigung anzunehmen. Die Auftragsbest\u00e4tigung erfolgt sp\u00e4testens mit Lieferung der Ware. Nach unbeantwortetem Ablauf der 5 -Tages-Frist gilt das Angebot als abgelehnt.<\/p>\n<ol start=\"3\">\n<li><strong>Lieferzeiten<\/strong><\/li>\n<\/ol>\n<p style=\"padding-left: 30px;\">Alle Artikel werden umgehend, sofern ab Lager verf\u00fcgbar und nur solange der Vorrat reicht, ausgeliefert.<\/p>\n<p style=\"padding-left: 30px;\">Die Lieferzeit betr\u00e4gt in der Regel 4\u00a0 Werktage und beginnt mit dem Versand der\u00a0\u00a0\u00a0\u00a0\u00a0\u00a0 Auftragsbest\u00e4tigung. Die Angabe der Lieferzeit ist unverbindlich, es sei denn, es gibt eine anders\u00a0 lautende schriftliche Vereinbarung.<\/p>\n<p style=\"padding-left: 30px;\">Sollte ein Artikel kurzfristig nicht verf\u00fcgbar sein, informieren wir Sie per e-Mail \u00fcber die zu erwartende Lieferzeit, sofern uns eine Adresse von Ihnen vorliegt.<\/p>\n<p style=\"padding-left: 30px;\">Bei Lieferungsverz\u00f6gerungen, wie z.B. durch h\u00f6here Gewalt, Verkehrsst\u00f6rungen und Verf\u00fcgungen von hoher Hand sowie sonstige von dem Onlineshop nicht zu vertretende Ereignisse, kann kein Schadensersatzanspruch gegen den Onlineshop geltend gemacht werden.<\/p>\n<p style=\"padding-left: 30px;\">Ist die Lieferung durch das Verschulden von Vorlieferanten verz\u00f6gert und unterblieben (Unm\u00f6glichkeit), so hat der Onlineshop daf\u00fcr nicht einzustehen.<\/p>\n<ol start=\"4\">\n<li><strong>Verpackung- und Versendung<\/strong><\/li>\n<\/ol>\n<p style=\"padding-left: 30px;\">F\u00fcr Lieferungen berechnet der Onlineshop einen anteiligen Pauschalbetrag, abh\u00e4ngig von Anzahl und Gewicht der Artikel.<\/p>\n<p style=\"padding-left: 30px;\">Auf Wunsch des Kunden k\u00f6nnen auch Eillieferungen durchgef\u00fchrt werden. Die dabei entstehenden zus\u00e4tzlichen Kosten tr\u00e4gt der Kunde.<\/p>\n<p style=\"padding-left: 30px;\">Auf Wunsch und Kosten des Kunden wird eine Transportversicherung abgeschlossen. Transportsch\u00e4den sind unverz\u00fcglich dem Zusteller zu melden.<\/p>\n<ol start=\"5\">\n<li><strong>Preise und Zahlung<\/strong><\/li>\n<\/ol>\n<p style=\"padding-left: 30px;\">5.1\u00a0\u00a0 Alle angegebenen Preise sind Endpreise, die die gesetzliche Mehrwertsteuer von derzeit 20 % beinhalten.<\/p>\n<p style=\"padding-left: 30px;\">5.2\u00a0\u00a0 Durch die st\u00e4ndige Aktualisierung der Internetseiten des Onlineshops, verlieren zu einem fr\u00fcheren Zeitpunkt gemachte Angaben bez\u00fcglich Preis und Beschaffenheit der Ware ihre G\u00fcltigkeit. Irrt\u00fcmer und Druckfehler bleiben vorbehalten.<\/p>\n<p style=\"padding-left: 30px;\">5.4\u00a0\u00a0 Der ausgewiesene Preis zum Zeitpunkt der Abgabe des Angebots des Kunden ist f\u00fcr die Rechnungsstellung ma\u00dfgeblich.<\/p>\n<p style=\"padding-left: 30px;\">5.5\u00a0\u00a0 Die Bezahlung der Waren erfolgt im Voraus. Ausnahmen haben nur dann G\u00fcltigkeit, wenn sie zwischen dem Onlineshop und dem Kunden schriftlich vereinbart wurden.<\/p>\n<ol start=\"6\">\n<li><strong>Eigentumsvorbehalt<\/strong><\/li>\n<\/ol>\n<p style=\"padding-left: 30px;\">Bis zur vollst\u00e4ndigen Bezahlung bleiben die bestellten Waren Eigentum des Onlineshops (Eigentumsvorbehalt). Bei Zahlungsverzug des Kunden sind ist der Onlineshop berechtigt, die Ware zur\u00fcckzunehmen. Darin liegt kein R\u00fccktritt vom Vertrag, es sei denn dieser wird ausdr\u00fccklich erkl\u00e4rt.<\/p>\n<ol start=\"7\">\n<li><strong>Gew\u00e4hrleistung<\/strong><\/li>\n<\/ol>\n<p style=\"padding-left: 30px;\">7.1\u00a0\u00a0 Die aus einem Mangel der Ware begr\u00fcndeten Anspr\u00fcche des Kunden gegen den Onlineshop richten sich nach den gesetzlichen Vorschriften.<\/p>\n<p style=\"padding-left: 30px;\">7.2\u00a0\u00a0 Der Kunde verpflichtet sich, die Ware bei Entgegennahme auf etwaige M\u00e4ngel zu untersuchen und bei Feststellung eines solchen umgehend den Onlineshop dar\u00fcber in Kenntnis zu setzen. Sollte der Kunde zu einem sp\u00e4teren Zeitpunkt feststellen, dass die Ware mangelhaft ist, so ist er verpflichtet, den Onlineshop sofort nach Entdeckung desselben zu informieren. Unterl\u00e4sst es der Kunde, einen Mangel anzuzeigen, gilt die Ware als genehmigt.<\/p>\n<p style=\"padding-left: 30px;\">7.3 \u00a0Als Mangel an der Ware z\u00e4hlen nicht Sch\u00e4den, die der Kunde durch unsachgem\u00e4\u00dfe oder vertragswidrige Behandlung verursacht hat. Ausschlaggebend f\u00fcr die Unsachgem\u00e4\u00dfheit und Vertragswidrigkeit sind die Angaben des Herstellers der Ware.<\/p>\n<ol start=\"8\">\n<li><strong>Haftungsbeschr\u00e4nkung<\/strong><\/li>\n<\/ol>\n<p style=\"padding-left: 30px;\">Soweit sich nachstehend nichts anderes ergibt, sind weitergehende Anspr\u00fcche des Kunden, gleich aus welchen Rechtsgr\u00fcnden, ausgeschlossen. Der Onlineshop haftet deshalb nicht f\u00fcr Sch\u00e4den, die nicht am Liefergegenstand selbst entstanden sind; insbesondere haftet Onlineshop nicht f\u00fcr den entgangenen Gewinn oder sonstige Verm\u00f6genssch\u00e4den des Kunden. Soweit die vertragliche Haftung vom Onlineshop ausgeschlossen oder beschr\u00e4nkt ist, gilt dies auch f\u00fcr die pers\u00f6nliche Haftung von Arbeitnehmern, Vertretern und Erf\u00fcllungsgehilfen.<\/p>\n<p style=\"padding-left: 30px;\">Vorstehende Haftungsbeschr\u00e4nkung gilt nicht, soweit die Schadensursache auf Vorsatz oder grober Fahrl\u00e4ssigkeit beruht oder ein Personenschaden vorliegt. Sie gilt ferner dann nicht, wenn der Besteller gesetzlich geregelte Anspr\u00fcche geltend macht.<\/p>\n<p style=\"padding-left: 30px;\">Die Bestimmungen des Produkthaftungsgesetzes bleiben hiervon unber\u00fchrt. Sofern der Onlineshop fahrl\u00e4ssig eine vertragswesentliche Pflicht verletzt, ist die Ersatzpflicht f\u00fcr Sachsch\u00e4den auf den typischerweise entstehenden Schaden beschr\u00e4nkt.<\/p>\n<p style=\"padding-left: 30px;\">Ist die Nacherf\u00fcllung im Wege der Ersatzlieferung erfolgt, ist der Besteller dazu verpflichtet, die zuerst gelieferte Ware innerhalb von 30 Tagen an den Onlineshop auf Kosten desselben zur\u00fcckzusenden.<\/p>\n<p style=\"padding-left: 30px;\">Die R\u00fccksendung der mangelhaften Ware hat nach den gesetzlichen Vorschriften zu erfolgen. Der Onlineshop beh\u00e4lt sich vor, unter den gesetzlich geregelten Voraussetzungen Schadensersatz geltend zu machen.<\/p>\n<ol start=\"9\">\n<li><strong>Datenschutz<\/strong><\/li>\n<\/ol>\n<p style=\"padding-left: 30px;\">Der Kunde ist damit einverstanden, dass seine, dem Onlineshop im Rahmen der Gesch\u00e4ftsbeziehung zugehenden pers\u00f6nlichen Daten, elektronisch gespeichert und verarbeitet werden. Es wird darauf hingewiesen, dass im Sinne dieser Bestimmung ermittelte Daten ausschlie\u00dflich f\u00fcr Zwecke der Leistungserbringung, insbesondere zum Zweck der Auftragsabwicklung und der Buchhaltung erhoben und verarbeitet werden. Der Onlineshop gibt Kunden-Daten nicht an Dritte weiter.<\/p>\n<ol start=\"10\">\n<li><strong>Copyright<\/strong><\/li>\n<\/ol>\n<p style=\"padding-left: 30px;\">Alle dargestellten Fremdlogos, Bilder und Grafiken sind Eigentum der entsprechenden Firmen und unterliegen dem Copyright der entsprechenden Lizenzgeber. S\u00e4mtliche auf diesen Seiten dargestellten Fotos, Logos, Texte, Berichte, Scripte und Programmierroutinen, welche Eigenentwicklungen von uns sind oder von uns aufbereitet wurden, d\u00fcrfen nicht ohne unser Einverst\u00e4ndnis kopiert oder anderweitig genutzt werden. Alle Rechte vorbehalten.<\/p>\n<ol start=\"11\">\n<li><strong>Gerichtsstand<\/strong><\/li>\n<\/ol>\n<p style=\"padding-left: 30px;\">11.1\u00a0\u00a0\u00a0\u00a0\u00a0 Gerichtsstand ist, soweit das Gesetz nichts anders vorsieht, der Gesch\u00e4ftssitz des Onlineshops.<\/p>\n<p style=\"padding-left: 30px;\">11.2\u00a0\u00a0\u00a0\u00a0\u00a0 \u00a0\u00a0\u00a0\u00a0 F\u00fcr alle Streitigkeiten, die sich m\u00f6glicherweise aus diesem rechtlichen Verh\u00e4ltnis ergeben, ist\u00a0\u00a0 \u00f6sterreichisches Recht unter Ausschluss der Kollisionsnormen anzuwenden. Die Anwendung von UN-Kaufrecht wird ausgeschlossen.<\/p>\n<ol start=\"12\">\n<li><strong>G\u00fcltigkeit der AGB<\/strong><\/li>\n<\/ol>\n<p style=\"padding-left: 30px;\">Mit einer Bestellung erkennt der Kunde die Allgemeinen Gesch\u00e4ftsbedingungen des Onlineshops an. Sollte eine Bestimmung dieser Allgemeinen Gesch\u00e4ftsbedingungen, aus welchem Grund auch immer, nichtig sein, bleibt die Geltung der \u00fcbrigen Bestimmungen hiervon unber\u00fchrt. M\u00fcndliche Absprachen bed\u00fcrfen zu ihrer Wirksamkeit der schriftlichen Best\u00e4tigung.<\/p>\n<hr \/>\n<p>&nbsp;<\/p>\n<p><strong>Google Analytics:<\/strong><\/p>\n<p>Diese Website benutzt Google Analytics, einen Webanalysedienst der Google Inc. (\u201eGoogle\u201c). Google Analytics verwendet sog. \u201eCookies\u201c, Textdateien, die auf Ihrem Computer gespeichert werden und die eine Analyse der Benutzung der Website durch Sie erm\u00f6glichen. Die durch den Cookie erzeugten Informationen \u00fcber Ihre Benutzung dieser Website werden in der Regel an einen Server von Google in den USA \u00fcbertragen und dort gespeichert. Im Falle der Aktivierung der IP-Anonymisierung auf dieser Webseite, wird Ihre IP-Adresse von Google jedoch innerhalb von Mitgliedstaaten der Europ\u00e4ischen Union oder in anderen Vertragsstaaten des Abkommens \u00fcber den Europ\u00e4ischen Wirtschaftsraum zuvor gek\u00fcrzt. Nur in Ausnahmef\u00e4llen wird die volle IP-Adresse an einen Server von Google in den USA \u00fcbertragen und dort gek\u00fcrzt. Im Auftrag des Betreibers dieser Website wird Google diese Informationen benutzen, um Ihre Nutzung der Website auszuwerten, um Reports \u00fcber die Websiteaktivit\u00e4ten zusammenzustellen und um weitere mit der Websitenutzung und der Internetnutzung verbundene Dienstleistungen gegen\u00fcber dem Websitebetreiber zu erbringen. Die im Rahmen von Google Analytics von Ihrem Browser \u00fcbermittelte IP-Adresse wird nicht mit anderen Daten von Google zusammengef\u00fchrt. Sie k\u00f6nnen die Speicherung der Cookies durch eine entsprechende Einstellung Ihrer Browser-Software verhindern; wir weisen Sie jedoch darauf hin, dass Sie in diesem Fall gegebenenfalls nicht s\u00e4mtliche Funktionen dieser Website vollumf\u00e4nglich werden nutzen k\u00f6nnen. Sie k\u00f6nnen dar\u00fcber hinaus die Erfassung der durch das Cookie erzeugten und auf Ihre Nutzung der Website bezogenen Daten (inkl. Ihrer IP-Adresse) an Google sowie die Verarbeitung dieser Daten durch Google verhindern, indem sie das unter dem folgenden Link verf\u00fcgbare Browser-Plugin herunterladen und installieren [Der aktuelle Link ist http:\/\/tools.google.com\/dlpage\/gaoptout?hl=de].<\/p>\n<p><strong>Social Plugins:<\/strong><\/p>\n<p>Diese Website verwendet sogenannte Social Plugins (nachfolgend Schaltfl\u00e4chen) sozialer Netzwerke wie Facebook, Google+ und Twitter. Bei Ihrem Besuch auf unseren Webseiten sind diese Schaltfl\u00e4chen standardm\u00e4\u00dfig deaktiviert, d.h. sie senden ohne Ihr Zutun keine Daten an Dritte. Bevor Sie die Schaltfl\u00e4chen nutzen k\u00f6nnen, m\u00fcssen Sie diese mit Ihrem Klick aktivieren. Die Schaltfl\u00e4che bleibt so lange aktiv, bis Sie sie wieder deaktivieren oder Ihre Cookies l\u00f6schen (vgl. dazu unter \u201eCookies\u201c). Nach der Aktivierung wird eine direkte Verbindung mit dem Server des jeweiligen sozialen Netzwerks aufgebaut. Der Inhalt der Schaltfl\u00e4che wird dann von den sozialen Netzwerken direkt an Ihren Browser \u00fcbertragen und von diesem in die Webseite eingebunden. Bitte beachten Sie, dass wir keinen Einfluss auf den Umfang der Daten haben, die von den sozialen Netzwerken mit ihren Schaltfl\u00e4chen erhoben werden. Zweck und Umfang der Datenerhebung und die weitere Verarbeitung und Nutzung der Daten durch die jeweiligen sozialen Netzwerke sowie Ihre diesbez\u00fcglichen Rechte und Einstellungsm\u00f6glichkeiten zum Schutz Ihrer Privatsph\u00e4re entnehmen Sie bitte den Datenschutzhinweisen der jeweiligen sozialen Netzwerke. Nach Aktivierung einer Schaltfl\u00e4che kann das jeweilige soziale Netzwerk bereits Daten erheben, unabh\u00e4ngig davon, ob Sie mit der Schaltfl\u00e4che interagieren. Sind Sie bei einem sozialen Netzwerk eingeloggt, kann dieses Ihren Besuch dieser Webseite Ihrem Benutzerkonto zuordnen. Wenn Sie Mitglied bei einem sozialen Netzwerk sind und nicht m\u00f6chten, dass dieses die bei Ihrem Besuch unserer Webseiten gesammelten Daten mit Ihren gespeicherten Mitgliedsdaten verkn\u00fcpft, m\u00fcssen Sie sich vor der Aktivierung der Schaltfl\u00e4chen aus dem jeweiligen sozialen Netzwerk ausloggen.<\/p>\n<p>&nbsp;<\/p>\n","protected":false},"excerpt":{"rendered":"<p>Allgemeine Gesch\u00e4ftsbedingungendes Onlineshops Allgemeines Alle Leistungen, die vom Onlineshop f\u00fcr den Kunden erbracht werden, erfolgen ausschlie\u00dflich auf der Grundlage der nachfolgenden Allgemeinen Gesch\u00e4ftsbedingungen. Abweichende Regelungen haben nur dann Geltung, wenn sie zwischen Onlineshop und Kunde schriftlich vereinbart wurden. Vertragsschluss Zum Vertragsschluss mit dem Onlineshop sind nur Personen berechtigt, die das 18. Lebensjahr vollendet haben und&#8230;<\/p>\n","protected":false},"author":2,"featured_media":0,"parent":4086,"menu_order":0,"comment_status":"closed","ping_status":"closed","template":"","meta":{"_bbp_topic_count":0,"_bbp_reply_count":0,"_bbp_total_topic_count":0,"_bbp_total_reply_count":0,"_bbp_voice_count":0,"_bbp_anonymous_reply_count":0,"_bbp_topic_count_hidden":0,"_bbp_reply_count_hidden":0,"_bbp_forum_subforum_count":0,"footnotes":""},"class_list":["post-4088","page","type-page","status-publish","hentry"],"_links":{"self":[{"href":"https:\/\/www.goldenageproduction.com\/en\/wp-json\/wp\/v2\/pages\/4088","targetHints":{"allow":["GET"]}}],"collection":[{"href":"https:\/\/www.goldenageproduction.com\/en\/wp-json\/wp\/v2\/pages"}],"about":[{"href":"https:\/\/www.goldenageproduction.com\/en\/wp-json\/wp\/v2\/types\/page"}],"author":[{"embeddable":true,"href":"https:\/\/www.goldenageproduction.com\/en\/wp-json\/wp\/v2\/users\/2"}],"replies":[{"embeddable":true,"href":"https:\/\/www.goldenageproduction.com\/en\/wp-json\/wp\/v2\/comments?post=4088"}],"version-history":[{"count":1,"href":"https:\/\/www.goldenageproduction.com\/en\/wp-json\/wp\/v2\/pages\/4088\/revisions"}],"predecessor-version":[{"id":4089,"href":"https:\/\/www.goldenageproduction.com\/en\/wp-json\/wp\/v2\/pages\/4088\/revisions\/4089"}],"up":[{"embeddable":true,"href":"https:\/\/www.goldenageproduction.com\/en\/wp-json\/wp\/v2\/pages\/4086"}],"wp:attachment":[{"href":"https:\/\/www.goldenageproduction.com\/en\/wp-json\/wp\/v2\/media?parent=4088"}],"curies":[{"name":"wp","href":"https:\/\/api.w.org\/{rel}","templated":true}]}}